{"id":2745,"date":"2022-04-07T08:16:25","date_gmt":"2022-04-07T07:16:25","guid":{"rendered":"https:\/\/www.vandender.com\/termes-et-conditions\/"},"modified":"2022-04-11T11:05:07","modified_gmt":"2022-04-11T10:05:07","slug":"termes-et-conditions","status":"publish","type":"page","link":"https:\/\/www.vandender.com\/fr\/termes-et-conditions\/","title":{"rendered":"Termes et conditions"},"content":{"rendered":"<div id=\"pl-gb2745-69f73c0f84519\"  class=\"panel-layout\" ><div id=\"pg-gb2745-69f73c0f84519-0\"  class=\"panel-grid panel-has-style\" ><div class=\"rij1_voorwaarden rij1 panel-row-style panel-row-style-for-gb2745-69f73c0f84519-0\" ><div id=\"pgc-gb2745-69f73c0f84519-0-0\"  class=\"panel-grid-cell\" ><div id=\"panel-gb2745-69f73c0f84519-0-0-0\" class=\"so-panel widget widget_sow-editor panel-first-child panel-last-child\" data-index=\"0\" ><div class=\"container panel-widget-style panel-widget-style-for-gb2745-69f73c0f84519-0-0-0\" ><div\n\t\t\t\n\t\t\tclass=\"so-widget-sow-editor so-widget-sow-editor-base\"\n\t\t\t\n\t\t>\n<div class=\"siteorigin-widget-tinymce textwidget\">\n\t<h1 style=\"text-align: center;\">Termes et conditions<\/h1>\n<div data-eqh=\"contentone\">\n<h2>Paiement s\u00e9curis\u00e9<\/h2>\n<p>Les transactions sont effectu\u00e9es via <a href=\"https:\/\/www.mollie.com\/fr\/contact\" target=\"_blank\" rel=\"noopener\">Mollie<\/a>. Celles-ci sont s\u00e9curis\u00e9es, vos donn\u00e9es ne peuvent pas \u00eatre retrac\u00e9es. Vos donn\u00e9es de paiement ne sont pas stock\u00e9es sur notre site web ou sur nos ordinateurs.<\/p>\n<h2>Une navigation s\u00fbre<\/h2>\n<p>Les envois sont effectu\u00e9s via <a href=\"https:\/\/www.postnl.nl\/en\/customer-service\/\" target=\"_blank\" rel=\"noopener\">Post NL<\/a><\/p>\n<p>Pour toute autre question, envoyez un e-mail \u00e0 <a href=\"mailto:info@vandender.eu\">info@vandender.eu<\/a>\u00a0ou appelez-nous au\u00a0+32 (0)2 465 36 26.<\/p>\n<\/div>\n<\/div>\n<\/div><\/div><\/div><\/div><\/div><\/div><\/div>","protected":false},"excerpt":{"rendered":"<p>Termes et conditions Paiement s\u00e9curis\u00e9 Les transactions sont effectu\u00e9es via Mollie. Celles-ci sont s\u00e9curis\u00e9es, vos donn\u00e9es ne peuvent pas \u00eatre retrac\u00e9es. Vos donn\u00e9es de paiement ne sont pas stock\u00e9es sur notre site web ou sur nos ordinateurs. Une navigation s\u00fbre Les envois sont effectu\u00e9s via Post NL Pour toute autre question, envoyez un e-mail \u00e0 [&hellip;]<\/p>\n","protected":false},"author":1,"featured_media":0,"parent":0,"menu_order":0,"comment_status":"closed","ping_status":"closed","template":"","meta":{"footnotes":""},"class_list":["post-2745","page","type-page","status-publish","hentry"],"yoast_head":"<!-- This site is optimized with the Yoast SEO plugin v21.6 - https:\/\/yoast.com\/wordpress\/plugins\/seo\/ -->\n<title>Termes et conditions - Van Dender<\/title>\n<meta name=\"robots\" content=\"index, follow, max-snippet:-1, max-image-preview:large, max-video-preview:-1\" \/>\n<link rel=\"canonical\" href=\"https:\/\/www.vandender.com\/fr\/termes-et-conditions\/\" \/>\n<meta property=\"og:locale\" content=\"fr_FR\" \/>\n<meta property=\"og:type\" content=\"article\" \/>\n<meta property=\"og:title\" content=\"Termes et conditions - Van Dender\" \/>\n<meta property=\"og:description\" content=\"Termes et conditions Paiement s\u00e9curis\u00e9 Les transactions sont effectu\u00e9es via Mollie. Celles-ci sont s\u00e9curis\u00e9es, vos donn\u00e9es ne peuvent pas \u00eatre retrac\u00e9es. Vos donn\u00e9es de paiement ne sont pas stock\u00e9es sur notre site web ou sur nos ordinateurs. Une navigation s\u00fbre Les envois sont effectu\u00e9s via Post NL Pour toute autre question, envoyez un e-mail \u00e0 [&hellip;]\" \/>\n<meta property=\"og:url\" content=\"https:\/\/www.vandender.com\/fr\/termes-et-conditions\/\" \/>\n<meta property=\"og:site_name\" content=\"Van Dender\" \/>\n<meta property=\"article:modified_time\" content=\"2022-04-11T10:05:07+00:00\" \/>\n<meta name=\"twitter:card\" content=\"summary_large_image\" \/>\n<meta name=\"twitter:label1\" content=\"Dur\u00e9e de lecture estim\u00e9e\" \/>\n\t<meta name=\"twitter:data1\" content=\"1 minute\" \/>\n<script type=\"application\/ld+json\" class=\"yoast-schema-graph\">{\"@context\":\"https:\/\/schema.org\",\"@graph\":[{\"@type\":\"WebPage\",\"@id\":\"https:\/\/www.vandender.com\/fr\/termes-et-conditions\/\",\"url\":\"https:\/\/www.vandender.com\/fr\/termes-et-conditions\/\",\"name\":\"Termes et conditions - Van Dender\",\"isPartOf\":{\"@id\":\"https:\/\/vandender.abako.be\/fr\/#website\"},\"datePublished\":\"2022-04-07T07:16:25+00:00\",\"dateModified\":\"2022-04-11T10:05:07+00:00\",\"breadcrumb\":{\"@id\":\"https:\/\/www.vandender.com\/fr\/termes-et-conditions\/#breadcrumb\"},\"inLanguage\":\"fr-FR\",\"potentialAction\":[{\"@type\":\"ReadAction\",\"target\":[\"https:\/\/www.vandender.com\/fr\/termes-et-conditions\/\"]}]},{\"@type\":\"BreadcrumbList\",\"@id\":\"https:\/\/www.vandender.com\/fr\/termes-et-conditions\/#breadcrumb\",\"itemListElement\":[{\"@type\":\"ListItem\",\"position\":1,\"name\":\"Home\",\"item\":\"https:\/\/www.vandender.com\/fr\/\"},{\"@type\":\"ListItem\",\"position\":2,\"name\":\"Termes et conditions\"}]},{\"@type\":\"WebSite\",\"@id\":\"https:\/\/vandender.abako.be\/fr\/#website\",\"url\":\"https:\/\/vandender.abako.be\/fr\/\",\"name\":\"Van Dender\",\"description\":\"\",\"potentialAction\":[{\"@type\":\"SearchAction\",\"target\":{\"@type\":\"EntryPoint\",\"urlTemplate\":\"https:\/\/vandender.abako.be\/fr\/?s={search_term_string}\"},\"query-input\":\"required name=search_term_string\"}],\"inLanguage\":\"fr-FR\"}]}<\/script>\n<!-- \/ Yoast SEO plugin. -->","yoast_head_json":{"title":"Termes et conditions - Van Dender","robots":{"index":"index","follow":"follow","max-snippet":"max-snippet:-1","max-image-preview":"max-image-preview:large","max-video-preview":"max-video-preview:-1"},"canonical":"https:\/\/www.vandender.com\/fr\/termes-et-conditions\/","og_locale":"fr_FR","og_type":"article","og_title":"Termes et conditions - Van Dender","og_description":"Termes et conditions Paiement s\u00e9curis\u00e9 Les transactions sont effectu\u00e9es via Mollie. Celles-ci sont s\u00e9curis\u00e9es, vos donn\u00e9es ne peuvent pas \u00eatre retrac\u00e9es. Vos donn\u00e9es de paiement ne sont pas stock\u00e9es sur notre site web ou sur nos ordinateurs. Une navigation s\u00fbre Les envois sont effectu\u00e9s via Post NL Pour toute autre question, envoyez un e-mail \u00e0 [&hellip;]","og_url":"https:\/\/www.vandender.com\/fr\/termes-et-conditions\/","og_site_name":"Van Dender","article_modified_time":"2022-04-11T10:05:07+00:00","twitter_card":"summary_large_image","twitter_misc":{"Dur\u00e9e de lecture estim\u00e9e":"1 minute"},"schema":{"@context":"https:\/\/schema.org","@graph":[{"@type":"WebPage","@id":"https:\/\/www.vandender.com\/fr\/termes-et-conditions\/","url":"https:\/\/www.vandender.com\/fr\/termes-et-conditions\/","name":"Termes et conditions - Van Dender","isPartOf":{"@id":"https:\/\/vandender.abako.be\/fr\/#website"},"datePublished":"2022-04-07T07:16:25+00:00","dateModified":"2022-04-11T10:05:07+00:00","breadcrumb":{"@id":"https:\/\/www.vandender.com\/fr\/termes-et-conditions\/#breadcrumb"},"inLanguage":"fr-FR","potentialAction":[{"@type":"ReadAction","target":["https:\/\/www.vandender.com\/fr\/termes-et-conditions\/"]}]},{"@type":"BreadcrumbList","@id":"https:\/\/www.vandender.com\/fr\/termes-et-conditions\/#breadcrumb","itemListElement":[{"@type":"ListItem","position":1,"name":"Home","item":"https:\/\/www.vandender.com\/fr\/"},{"@type":"ListItem","position":2,"name":"Termes et conditions"}]},{"@type":"WebSite","@id":"https:\/\/vandender.abako.be\/fr\/#website","url":"https:\/\/vandender.abako.be\/fr\/","name":"Van Dender","description":"","potentialAction":[{"@type":"SearchAction","target":{"@type":"EntryPoint","urlTemplate":"https:\/\/vandender.abako.be\/fr\/?s={search_term_string}"},"query-input":"required name=search_term_string"}],"inLanguage":"fr-FR"}]}},"_links":{"self":[{"href":"https:\/\/www.vandender.com\/fr\/wp-json\/wp\/v2\/pages\/2745","targetHints":{"allow":["GET"]}}],"collection":[{"href":"https:\/\/www.vandender.com\/fr\/wp-json\/wp\/v2\/pages"}],"about":[{"href":"https:\/\/www.vandender.com\/fr\/wp-json\/wp\/v2\/types\/page"}],"author":[{"embeddable":true,"href":"https:\/\/www.vandender.com\/fr\/wp-json\/wp\/v2\/users\/1"}],"replies":[{"embeddable":true,"href":"https:\/\/www.vandender.com\/fr\/wp-json\/wp\/v2\/comments?post=2745"}],"version-history":[{"count":2,"href":"https:\/\/www.vandender.com\/fr\/wp-json\/wp\/v2\/pages\/2745\/revisions"}],"predecessor-version":[{"id":2785,"href":"https:\/\/www.vandender.com\/fr\/wp-json\/wp\/v2\/pages\/2745\/revisions\/2785"}],"wp:attachment":[{"href":"https:\/\/www.vandender.com\/fr\/wp-json\/wp\/v2\/media?parent=2745"}],"curies":[{"name":"wp","href":"https:\/\/api.w.org\/{rel}","templated":true}]}}