{"id":2750,"date":"2022-03-24T16:10:39","date_gmt":"2022-03-24T15:10:39","guid":{"rendered":"https:\/\/www.vandender.com\/blog\/"},"modified":"2022-04-11T10:26:09","modified_gmt":"2022-04-11T09:26:09","slug":"blog","status":"publish","type":"page","link":"https:\/\/www.vandender.com\/fr\/blog\/","title":{"rendered":"Blog"},"content":{"rendered":"<div id=\"pl-gb2750-69f095126420c\"  class=\"panel-layout\" ><div id=\"pg-gb2750-69f095126420c-0\"  class=\"panel-grid panel-has-style\" ><div class=\"rij1_blog rij1 panel-row-style panel-row-style-for-gb2750-69f095126420c-0\" ><div id=\"pgc-gb2750-69f095126420c-0-0\"  class=\"panel-grid-cell\" ><div id=\"panel-gb2750-69f095126420c-0-0-0\" class=\"so-panel widget widget_sow-editor panel-first-child\" data-index=\"0\" ><div\n\t\t\t\n\t\t\tclass=\"so-widget-sow-editor so-widget-sow-editor-base\"\n\t\t\t\n\t\t>\n<div class=\"siteorigin-widget-tinymce textwidget\">\n\t<h1 style=\"text-align: center;\">Blog<\/h1>\n<\/div>\n<\/div><\/div><div id=\"panel-gb2750-69f095126420c-0-0-1\" class=\"so-panel widget widget_siteorigin-panels-postloop panel-last-child\" data-index=\"1\" ><div class=\"container panel-widget-style panel-widget-style-for-gb2750-69f095126420c-0-0-1\" >\n    <div class=\"loop sio_loop_blog row\">\n                  \n          <div class=\"bericht col-md-12 bericht_oneven\">\n            <a href=\"https:\/\/www.vandender.com\/fr\/le-rhinoceros-blanc\/\">\n                <div class=\"afbeelding\">\n                                      <img decoding=\"async\" src=\"https:\/\/www.vandender.com\/wp-content\/uploads\/2022\/04\/Van-dender-de-witte-neushoorn.webp\" alt=\"Le Rhinoc\u00e9ros Blanc\" \/>\n                                  <\/div>\n\n                <div class=\"inhoud_blog\">\n                  <div class=\"inhoud_blog_inner\">\n                    <p class=\"categorie\">Bean to bar<\/p>\n                    <h2>Le Rhinoc\u00e9ros Blanc<\/h2>\n\n                                          <p>Un temps pour le changement : de Xocoatl au rhinoc\u00e9ros blanc.<\/p>\n                    \n                    <span class=\"knop_blog\">lire plus<\/span>\n                  <\/div>\n                <\/div>\n            <\/a>\n          <\/div>\n                            \n          <div class=\"bericht col-md-12 bericht_even\">\n            <a href=\"https:\/\/www.vandender.com\/fr\/les-4-meilleurs-cadeaux-pour-les-amoureux-du-chocolat-a-loccasion-de-la-saint-valentin\/\">\n                <div class=\"afbeelding\">\n                                      <img decoding=\"async\" src=\"https:\/\/www.vandender.com\/wp-content\/uploads\/2022\/01\/De-4-beste-Valentijnsgeschenken-voor-chocoladeliefhebbers-2.webp\" alt=\"Les 4 meilleurs cadeaux pour les amoureux du chocolat \u00e0 l&rsquo;occasion de la Saint-Valentin\" \/>\n                                  <\/div>\n\n                <div class=\"inhoud_blog\">\n                  <div class=\"inhoud_blog_inner\">\n                    <p class=\"categorie\">Pralines<\/p>\n                    <h2>Les 4 meilleurs cadeaux pour les amoureux du chocolat \u00e0 l&rsquo;occasion de la Saint-Valentin<\/h2>\n\n                                          <p>Les 4 meilleurs cadeaux pour les amoureux du chocolat \u00e0 l&rsquo;occasion de la Saint-Valentin La distribution de chocolats le jour de la Saint-Valentin est une<\/p>\n                    \n                    <span class=\"knop_blog\">lire plus<\/span>\n                  <\/div>\n                <\/div>\n            <\/a>\n          <\/div>\n                  \n        <div class=\"paginatie\">\n                    <\/div>\n    <\/div>\n<\/div><\/div><\/div><\/div><\/div><\/div>","protected":false},"excerpt":{"rendered":"<p>Les petites bo\u00eetes de chocolat sont l&rsquo;un des meilleurs cadeaux pour les amateurs de chocolat que vous souhaitez saluer \u00e0 l&rsquo;occasion de la Saint-Valentin (mais qui n&rsquo;entrent pas n\u00e9cessairement dans la cat\u00e9gorie \u00ab\u00a0conjoint\u00a0\u00bb). Les parents, les amis, les enfants ou m\u00eame les coll\u00e8gues peuvent \u00e9galement profiter de cette occasion pour montrer leur appr\u00e9ciation et leur [&hellip;]<\/p>\n","protected":false},"author":1,"featured_media":0,"parent":0,"menu_order":0,"comment_status":"closed","ping_status":"closed","template":"","meta":{"footnotes":""},"class_list":["post-2750","page","type-page","status-publish","hentry"],"yoast_head":"<!-- This site is optimized with the Yoast SEO plugin v21.6 - https:\/\/yoast.com\/wordpress\/plugins\/seo\/ -->\n<title>Blog - Van Dender<\/title>\n<meta name=\"robots\" content=\"index, follow, max-snippet:-1, max-image-preview:large, max-video-preview:-1\" \/>\n<link rel=\"canonical\" href=\"https:\/\/www.vandender.com\/fr\/blog\/\" \/>\n<meta property=\"og:locale\" content=\"fr_FR\" \/>\n<meta property=\"og:type\" content=\"article\" \/>\n<meta property=\"og:title\" content=\"Blog - Van Dender\" \/>\n<meta property=\"og:description\" content=\"Les petites bo\u00eetes de chocolat sont l&#039;un des meilleurs cadeaux pour les amateurs de chocolat que vous souhaitez saluer \u00e0 l&#039;occasion de la Saint-Valentin (mais qui n&#039;entrent pas n\u00e9cessairement dans la cat\u00e9gorie &quot;conjoint&quot;). Les parents, les amis, les enfants ou m\u00eame les coll\u00e8gues peuvent \u00e9galement profiter de cette occasion pour montrer leur appr\u00e9ciation et leur [&hellip;]\" \/>\n<meta property=\"og:url\" content=\"https:\/\/www.vandender.com\/fr\/blog\/\" \/>\n<meta property=\"og:site_name\" content=\"Van Dender\" \/>\n<meta property=\"article:modified_time\" content=\"2022-04-11T09:26:09+00:00\" \/>\n<meta name=\"twitter:card\" content=\"summary_large_image\" \/>\n<script type=\"application\/ld+json\" class=\"yoast-schema-graph\">{\"@context\":\"https:\/\/schema.org\",\"@graph\":[{\"@type\":\"WebPage\",\"@id\":\"https:\/\/www.vandender.com\/fr\/blog\/\",\"url\":\"https:\/\/www.vandender.com\/fr\/blog\/\",\"name\":\"Blog - Van Dender\",\"isPartOf\":{\"@id\":\"https:\/\/vandender.abako.be\/fr\/#website\"},\"datePublished\":\"2022-03-24T15:10:39+00:00\",\"dateModified\":\"2022-04-11T09:26:09+00:00\",\"breadcrumb\":{\"@id\":\"https:\/\/www.vandender.com\/fr\/blog\/#breadcrumb\"},\"inLanguage\":\"fr-FR\",\"potentialAction\":[{\"@type\":\"ReadAction\",\"target\":[\"https:\/\/www.vandender.com\/fr\/blog\/\"]}]},{\"@type\":\"BreadcrumbList\",\"@id\":\"https:\/\/www.vandender.com\/fr\/blog\/#breadcrumb\",\"itemListElement\":[{\"@type\":\"ListItem\",\"position\":1,\"name\":\"Home\",\"item\":\"https:\/\/www.vandender.com\/fr\/\"},{\"@type\":\"ListItem\",\"position\":2,\"name\":\"Blog\"}]},{\"@type\":\"WebSite\",\"@id\":\"https:\/\/vandender.abako.be\/fr\/#website\",\"url\":\"https:\/\/vandender.abako.be\/fr\/\",\"name\":\"Van Dender\",\"description\":\"\",\"potentialAction\":[{\"@type\":\"SearchAction\",\"target\":{\"@type\":\"EntryPoint\",\"urlTemplate\":\"https:\/\/vandender.abako.be\/fr\/?s={search_term_string}\"},\"query-input\":\"required name=search_term_string\"}],\"inLanguage\":\"fr-FR\"}]}<\/script>\n<!-- \/ Yoast SEO plugin. -->","yoast_head_json":{"title":"Blog - Van Dender","robots":{"index":"index","follow":"follow","max-snippet":"max-snippet:-1","max-image-preview":"max-image-preview:large","max-video-preview":"max-video-preview:-1"},"canonical":"https:\/\/www.vandender.com\/fr\/blog\/","og_locale":"fr_FR","og_type":"article","og_title":"Blog - Van Dender","og_description":"Les petites bo\u00eetes de chocolat sont l'un des meilleurs cadeaux pour les amateurs de chocolat que vous souhaitez saluer \u00e0 l'occasion de la Saint-Valentin (mais qui n'entrent pas n\u00e9cessairement dans la cat\u00e9gorie \"conjoint\"). Les parents, les amis, les enfants ou m\u00eame les coll\u00e8gues peuvent \u00e9galement profiter de cette occasion pour montrer leur appr\u00e9ciation et leur [&hellip;]","og_url":"https:\/\/www.vandender.com\/fr\/blog\/","og_site_name":"Van Dender","article_modified_time":"2022-04-11T09:26:09+00:00","twitter_card":"summary_large_image","schema":{"@context":"https:\/\/schema.org","@graph":[{"@type":"WebPage","@id":"https:\/\/www.vandender.com\/fr\/blog\/","url":"https:\/\/www.vandender.com\/fr\/blog\/","name":"Blog - Van Dender","isPartOf":{"@id":"https:\/\/vandender.abako.be\/fr\/#website"},"datePublished":"2022-03-24T15:10:39+00:00","dateModified":"2022-04-11T09:26:09+00:00","breadcrumb":{"@id":"https:\/\/www.vandender.com\/fr\/blog\/#breadcrumb"},"inLanguage":"fr-FR","potentialAction":[{"@type":"ReadAction","target":["https:\/\/www.vandender.com\/fr\/blog\/"]}]},{"@type":"BreadcrumbList","@id":"https:\/\/www.vandender.com\/fr\/blog\/#breadcrumb","itemListElement":[{"@type":"ListItem","position":1,"name":"Home","item":"https:\/\/www.vandender.com\/fr\/"},{"@type":"ListItem","position":2,"name":"Blog"}]},{"@type":"WebSite","@id":"https:\/\/vandender.abako.be\/fr\/#website","url":"https:\/\/vandender.abako.be\/fr\/","name":"Van Dender","description":"","potentialAction":[{"@type":"SearchAction","target":{"@type":"EntryPoint","urlTemplate":"https:\/\/vandender.abako.be\/fr\/?s={search_term_string}"},"query-input":"required name=search_term_string"}],"inLanguage":"fr-FR"}]}},"_links":{"self":[{"href":"https:\/\/www.vandender.com\/fr\/wp-json\/wp\/v2\/pages\/2750","targetHints":{"allow":["GET"]}}],"collection":[{"href":"https:\/\/www.vandender.com\/fr\/wp-json\/wp\/v2\/pages"}],"about":[{"href":"https:\/\/www.vandender.com\/fr\/wp-json\/wp\/v2\/types\/page"}],"author":[{"embeddable":true,"href":"https:\/\/www.vandender.com\/fr\/wp-json\/wp\/v2\/users\/1"}],"replies":[{"embeddable":true,"href":"https:\/\/www.vandender.com\/fr\/wp-json\/wp\/v2\/comments?post=2750"}],"version-history":[{"count":1,"href":"https:\/\/www.vandender.com\/fr\/wp-json\/wp\/v2\/pages\/2750\/revisions"}],"predecessor-version":[{"id":2751,"href":"https:\/\/www.vandender.com\/fr\/wp-json\/wp\/v2\/pages\/2750\/revisions\/2751"}],"wp:attachment":[{"href":"https:\/\/www.vandender.com\/fr\/wp-json\/wp\/v2\/media?parent=2750"}],"curies":[{"name":"wp","href":"https:\/\/api.w.org\/{rel}","templated":true}]}}