{"id":1169,"date":"2021-03-26T10:47:04","date_gmt":"2021-03-26T09:47:04","guid":{"rendered":"https:\/\/webshop.vandender.com\/?post_type=product&#038;p=1169"},"modified":"2025-03-03T09:04:09","modified_gmt":"2025-03-03T08:04:09","slug":"oeufs-de-paques","status":"publish","type":"product","link":"https:\/\/www.vandender.com\/fr\/produit\/oeufs-de-paques\/","title":{"rendered":"\u0152ufs de P\u00e2ques"},"content":{"rendered":"<p>\u0152ufs de P\u00e2ques dans une bo\u00eete de luxe avec un assortiment exceptionnel comme par exemple la tarte tatin, le caramel beurre sal\u00e9, pralin\u00e9 aux noisette, pralin\u00e9 noix de p\u00e9can et plus encore.<\/p>\n","protected":false},"excerpt":{"rendered":"<p>\u0152ufs de P\u00e2ques dans une bo\u00eete de luxe avec un assortiment exceptionnel comme par exemple la tarte tatin, le caramel beurre sal\u00e9, pralin\u00e9 aux noisette, pralin\u00e9 noix de p\u00e9can et plus encore.<\/p>\n","protected":false},"featured_media":2098,"template":"","meta":[],"product_cat":[68],"product_tag":[],"class_list":["post-1169","product","type-product","status-publish","has-post-thumbnail","hentry","product_cat-oeufs-de-paques"],"yoast_head":"<!-- This site is optimized with the Yoast SEO plugin v21.6 - https:\/\/yoast.com\/wordpress\/plugins\/seo\/ -->\n<title>\u0152ufs de P\u00e2ques - Van Dender<\/title>\n<meta name=\"description\" content=\"\u0152ufs de P\u00e2ques dans une bo\u00eete de luxe avec un assortiment exceptionnel comme par exemple le caramel beurre sal\u00e9, la tarte au citron, le f\u00f4ret noir et plus encore.\" \/>\n<meta name=\"robots\" content=\"index, follow, max-snippet:-1, max-image-preview:large, max-video-preview:-1\" \/>\n<link rel=\"canonical\" href=\"https:\/\/www.vandender.com\/produit\/paaseieren\/\" \/>\n<meta property=\"og:locale\" content=\"fr_FR\" \/>\n<meta property=\"og:type\" content=\"article\" \/>\n<meta property=\"og:title\" content=\"\u0152ufs de P\u00e2ques - Van Dender\" \/>\n<meta property=\"og:description\" content=\"\u0152ufs de P\u00e2ques dans une bo\u00eete de luxe avec un assortiment exceptionnel comme par exemple le caramel beurre sal\u00e9, la tarte au citron, le f\u00f4ret noir et plus encore.\" \/>\n<meta property=\"og:url\" content=\"https:\/\/www.vandender.com\/produit\/paaseieren\/\" \/>\n<meta property=\"og:site_name\" content=\"Van Dender\" \/>\n<meta property=\"article:modified_time\" content=\"2025-03-03T08:04:09+00:00\" \/>\n<meta property=\"og:image\" content=\"https:\/\/www.vandender.com\/wp-content\/uploads\/2021\/03\/coffret-paaseitjes-1.jpg\" \/>\n\t<meta property=\"og:image:width\" content=\"682\" \/>\n\t<meta property=\"og:image:height\" content=\"682\" \/>\n\t<meta property=\"og:image:type\" content=\"image\/jpeg\" \/>\n<meta name=\"twitter:card\" content=\"summary_large_image\" \/>\n<meta name=\"twitter:label1\" content=\"Dur\u00e9e de lecture estim\u00e9e\" \/>\n\t<meta name=\"twitter:data1\" content=\"1 minute\" \/>\n<script type=\"application\/ld+json\" class=\"yoast-schema-graph\">{\"@context\":\"https:\/\/schema.org\",\"@graph\":[{\"@type\":\"WebPage\",\"@id\":\"https:\/\/www.vandender.com\/produit\/paaseieren\/\",\"url\":\"https:\/\/www.vandender.com\/produit\/paaseieren\/\",\"name\":\"\u0152ufs de P\u00e2ques - Van Dender\",\"isPartOf\":{\"@id\":\"https:\/\/vandender.abako.be\/fr\/#website\"},\"datePublished\":\"2021-03-26T09:47:04+00:00\",\"dateModified\":\"2025-03-03T08:04:09+00:00\",\"description\":\"\u0152ufs de P\u00e2ques dans une bo\u00eete de luxe avec un assortiment exceptionnel comme par exemple le caramel beurre sal\u00e9, la tarte au citron, le f\u00f4ret noir et plus encore.\",\"breadcrumb\":{\"@id\":\"https:\/\/www.vandender.com\/produit\/paaseieren\/#breadcrumb\"},\"inLanguage\":\"fr-FR\",\"potentialAction\":[{\"@type\":\"ReadAction\",\"target\":[\"https:\/\/www.vandender.com\/produit\/paaseieren\/\"]}]},{\"@type\":\"BreadcrumbList\",\"@id\":\"https:\/\/www.vandender.com\/produit\/paaseieren\/#breadcrumb\",\"itemListElement\":[{\"@type\":\"ListItem\",\"position\":1,\"name\":\"Home\",\"item\":\"https:\/\/www.vandender.com\/fr\/\"},{\"@type\":\"ListItem\",\"position\":2,\"name\":\"Commandez en ligne et profitez\",\"item\":\"https:\/\/www.vandender.com\/fr\/commandez-en-ligne-et-profitez\/\"},{\"@type\":\"ListItem\",\"position\":3,\"name\":\"\u0152ufs de P\u00e2ques\"}]},{\"@type\":\"WebSite\",\"@id\":\"https:\/\/vandender.abako.be\/fr\/#website\",\"url\":\"https:\/\/vandender.abako.be\/fr\/\",\"name\":\"Van Dender\",\"description\":\"\",\"potentialAction\":[{\"@type\":\"SearchAction\",\"target\":{\"@type\":\"EntryPoint\",\"urlTemplate\":\"https:\/\/vandender.abako.be\/fr\/?s={search_term_string}\"},\"query-input\":\"required name=search_term_string\"}],\"inLanguage\":\"fr-FR\"}]}<\/script>\n<!-- \/ Yoast SEO plugin. -->","yoast_head_json":{"title":"\u0152ufs de P\u00e2ques - Van Dender","description":"\u0152ufs de P\u00e2ques dans une bo\u00eete de luxe avec un assortiment exceptionnel comme par exemple le caramel beurre sal\u00e9, la tarte au citron, le f\u00f4ret noir et plus encore.","robots":{"index":"index","follow":"follow","max-snippet":"max-snippet:-1","max-image-preview":"max-image-preview:large","max-video-preview":"max-video-preview:-1"},"canonical":"https:\/\/www.vandender.com\/produit\/paaseieren\/","og_locale":"fr_FR","og_type":"article","og_title":"\u0152ufs de P\u00e2ques - Van Dender","og_description":"\u0152ufs de P\u00e2ques dans une bo\u00eete de luxe avec un assortiment exceptionnel comme par exemple le caramel beurre sal\u00e9, la tarte au citron, le f\u00f4ret noir et plus encore.","og_url":"https:\/\/www.vandender.com\/produit\/paaseieren\/","og_site_name":"Van Dender","article_modified_time":"2025-03-03T08:04:09+00:00","og_image":[{"width":682,"height":682,"url":"https:\/\/www.vandender.com\/wp-content\/uploads\/2021\/03\/coffret-paaseitjes-1.jpg","type":"image\/jpeg"}],"twitter_card":"summary_large_image","twitter_misc":{"Dur\u00e9e de lecture estim\u00e9e":"1 minute"},"schema":{"@context":"https:\/\/schema.org","@graph":[{"@type":"WebPage","@id":"https:\/\/www.vandender.com\/produit\/paaseieren\/","url":"https:\/\/www.vandender.com\/produit\/paaseieren\/","name":"\u0152ufs de P\u00e2ques - Van Dender","isPartOf":{"@id":"https:\/\/vandender.abako.be\/fr\/#website"},"datePublished":"2021-03-26T09:47:04+00:00","dateModified":"2025-03-03T08:04:09+00:00","description":"\u0152ufs de P\u00e2ques dans une bo\u00eete de luxe avec un assortiment exceptionnel comme par exemple le caramel beurre sal\u00e9, la tarte au citron, le f\u00f4ret noir et plus encore.","breadcrumb":{"@id":"https:\/\/www.vandender.com\/produit\/paaseieren\/#breadcrumb"},"inLanguage":"fr-FR","potentialAction":[{"@type":"ReadAction","target":["https:\/\/www.vandender.com\/produit\/paaseieren\/"]}]},{"@type":"BreadcrumbList","@id":"https:\/\/www.vandender.com\/produit\/paaseieren\/#breadcrumb","itemListElement":[{"@type":"ListItem","position":1,"name":"Home","item":"https:\/\/www.vandender.com\/fr\/"},{"@type":"ListItem","position":2,"name":"Commandez en ligne et profitez","item":"https:\/\/www.vandender.com\/fr\/commandez-en-ligne-et-profitez\/"},{"@type":"ListItem","position":3,"name":"\u0152ufs de P\u00e2ques"}]},{"@type":"WebSite","@id":"https:\/\/vandender.abako.be\/fr\/#website","url":"https:\/\/vandender.abako.be\/fr\/","name":"Van Dender","description":"","potentialAction":[{"@type":"SearchAction","target":{"@type":"EntryPoint","urlTemplate":"https:\/\/vandender.abako.be\/fr\/?s={search_term_string}"},"query-input":"required name=search_term_string"}],"inLanguage":"fr-FR"}]}},"_links":{"self":[{"href":"https:\/\/www.vandender.com\/fr\/wp-json\/wp\/v2\/product\/1169","targetHints":{"allow":["GET"]}}],"collection":[{"href":"https:\/\/www.vandender.com\/fr\/wp-json\/wp\/v2\/product"}],"about":[{"href":"https:\/\/www.vandender.com\/fr\/wp-json\/wp\/v2\/types\/product"}],"wp:featuredmedia":[{"embeddable":true,"href":"https:\/\/www.vandender.com\/fr\/wp-json\/wp\/v2\/media\/2098"}],"wp:attachment":[{"href":"https:\/\/www.vandender.com\/fr\/wp-json\/wp\/v2\/media?parent=1169"}],"wp:term":[{"taxonomy":"product_cat","embeddable":true,"href":"https:\/\/www.vandender.com\/fr\/wp-json\/wp\/v2\/product_cat?post=1169"},{"taxonomy":"product_tag","embeddable":true,"href":"https:\/\/www.vandender.com\/fr\/wp-json\/wp\/v2\/product_tag?post=1169"}],"curies":[{"name":"wp","href":"https:\/\/api.w.org\/{rel}","templated":true}]}}